{"id":4,"date":"2016-04-19T17:50:57","date_gmt":"2016-04-19T17:50:57","guid":{"rendered":"http:\/\/www.sgsteinen.ch\/wordpress\/?page_id=4"},"modified":"2025-09-22T15:12:44","modified_gmt":"2025-09-22T14:12:44","slug":"index","status":"publish","type":"page","link":"https:\/\/www.sgsteinen.ch\/","title":{"rendered":"Home"},"content":{"rendered":"\t\t<div data-elementor-type=\"wp-page\" data-elementor-id=\"4\" class=\"elementor elementor-4\">\n\t\t\t\t<div class=\"elementor-element elementor-element-c055157 e-con-full e-flex wpr-particle-no wpr-jarallax-no wpr-parallax-no wpr-sticky-section-no e-con e-parent\" data-id=\"c055157\" data-element_type=\"container\" data-e-type=\"container\" data-settings=\"{&quot;background_background&quot;:&quot;classic&quot;}\">\n\t\t\t\t<div class=\"elementor-element elementor-element-0cbae4c elementor-align-center elementor-widget elementor-widget-button\" data-id=\"0cbae4c\" data-element_type=\"widget\" data-e-type=\"widget\" data-widget_type=\"button.default\">\n\t\t\t\t\t\t\t\t\t\t<a class=\"elementor-button elementor-button-link elementor-size-sm\" href=\"https:\/\/www.sgsteinen.ch\/index.php\/drei-eigenossen\/\">\n\t\t\t\t\t\t<span class=\"elementor-button-content-wrapper\">\n\t\t\t\t\t\t<span class=\"elementor-button-icon\">\n\t\t\t\t<svg aria-hidden=\"true\" class=\"e-font-icon-svg e-far-calendar-alt\" viewBox=\"0 0 448 512\" xmlns=\"http:\/\/www.w3.org\/2000\/svg\"><path d=\"M148 288h-40c-6.6 0-12-5.4-12-12v-40c0-6.6 5.4-12 12-12h40c6.6 0 12 5.4 12 12v40c0 6.6-5.4 12-12 12zm108-12v-40c0-6.6-5.4-12-12-12h-40c-6.6 0-12 5.4-12 12v40c0 6.6 5.4 12 12 12h40c6.6 0 12-5.4 12-12zm96 0v-40c0-6.6-5.4-12-12-12h-40c-6.6 0-12 5.4-12 12v40c0 6.6 5.4 12 12 12h40c6.6 0 12-5.4 12-12zm-96 96v-40c0-6.6-5.4-12-12-12h-40c-6.6 0-12 5.4-12 12v40c0 6.6 5.4 12 12 12h40c6.6 0 12-5.4 12-12zm-96 0v-40c0-6.6-5.4-12-12-12h-40c-6.6 0-12 5.4-12 12v40c0 6.6 5.4 12 12 12h40c6.6 0 12-5.4 12-12zm192 0v-40c0-6.6-5.4-12-12-12h-40c-6.6 0-12 5.4-12 12v40c0 6.6 5.4 12 12 12h40c6.6 0 12-5.4 12-12zm96-260v352c0 26.5-21.5 48-48 48H48c-26.5 0-48-21.5-48-48V112c0-26.5 21.5-48 48-48h48V12c0-6.6 5.4-12 12-12h40c6.6 0 12 5.4 12 12v52h128V12c0-6.6 5.4-12 12-12h40c6.6 0 12 5.4 12 12v52h48c26.5 0 48 21.5 48 48zm-48 346V160H48v298c0 3.3 2.7 6 6 6h340c3.3 0 6-2.7 6-6z\"><\/path><\/svg>\t\t\t<\/span>\n\t\t\t\t\t\t\t\t\t<span class=\"elementor-button-text\">3 EGS 2025<\/span>\n\t\t\t\t\t<\/span>\n\t\t\t\t\t<\/a>\n\t\t\t\t\t\t\t\t<\/div>\n\t\t\t\t<div class=\"elementor-element elementor-element-8b9bbe6 elementor-align-center elementor-widget elementor-widget-button\" data-id=\"8b9bbe6\" data-element_type=\"widget\" data-e-type=\"widget\" data-widget_type=\"button.default\">\n\t\t\t\t\t\t\t\t\t\t<a class=\"elementor-button elementor-button-link elementor-size-sm\" href=\"https:\/\/www.sgsteinen.ch\/index.php\/3-egs-ranglisten-2025\/\">\n\t\t\t\t\t\t<span class=\"elementor-button-content-wrapper\">\n\t\t\t\t\t\t<span class=\"elementor-button-icon\">\n\t\t\t\t<svg aria-hidden=\"true\" class=\"e-font-icon-svg e-far-list-alt\" viewBox=\"0 0 512 512\" xmlns=\"http:\/\/www.w3.org\/2000\/svg\"><path d=\"M464 32H48C21.49 32 0 53.49 0 80v352c0 26.51 21.49 48 48 48h416c26.51 0 48-21.49 48-48V80c0-26.51-21.49-48-48-48zm-6 400H54a6 6 0 0 1-6-6V86a6 6 0 0 1 6-6h404a6 6 0 0 1 6 6v340a6 6 0 0 1-6 6zm-42-92v24c0 6.627-5.373 12-12 12H204c-6.627 0-12-5.373-12-12v-24c0-6.627 5.373-12 12-12h200c6.627 0 12 5.373 12 12zm0-96v24c0 6.627-5.373 12-12 12H204c-6.627 0-12-5.373-12-12v-24c0-6.627 5.373-12 12-12h200c6.627 0 12 5.373 12 12zm0-96v24c0 6.627-5.373 12-12 12H204c-6.627 0-12-5.373-12-12v-24c0-6.627 5.373-12 12-12h200c6.627 0 12 5.373 12 12zm-252 12c0 19.882-16.118 36-36 36s-36-16.118-36-36 16.118-36 36-36 36 16.118 36 36zm0 96c0 19.882-16.118 36-36 36s-36-16.118-36-36 16.118-36 36-36 36 16.118 36 36zm0 96c0 19.882-16.118 36-36 36s-36-16.118-36-36 16.118-36 36-36 36 16.118 36 36z\"><\/path><\/svg>\t\t\t<\/span>\n\t\t\t\t\t\t\t\t\t<span class=\"elementor-button-text\">3 EGS Rangliste 2025<\/span>\n\t\t\t\t\t<\/span>\n\t\t\t\t\t<\/a>\n\t\t\t\t\t\t\t\t<\/div>\n\t\t\t\t<div class=\"elementor-element elementor-element-010dab0 elementor-align-center elementor-widget elementor-widget-button\" data-id=\"010dab0\" data-element_type=\"widget\" data-e-type=\"widget\" data-widget_type=\"button.default\">\n\t\t\t\t\t\t\t\t\t\t<a class=\"elementor-button elementor-button-link elementor-size-sm\" href=\"https:\/\/maps.google.com\/maps?ll=47.053274,8.614954&#038;z=14&#038;t=m&#038;hl=de-CH&#038;gl=US&#038;mapclient=embed&#038;q=Steinertalweg%2021%206422%20Steinen\" target=\"_blank\">\n\t\t\t\t\t\t<span class=\"elementor-button-content-wrapper\">\n\t\t\t\t\t\t<span class=\"elementor-button-icon\">\n\t\t\t\t<svg aria-hidden=\"true\" class=\"e-font-icon-svg e-fas-map-marked-alt\" viewBox=\"0 0 576 512\" xmlns=\"http:\/\/www.w3.org\/2000\/svg\"><path d=\"M288 0c-69.59 0-126 56.41-126 126 0 56.26 82.35 158.8 113.9 196.02 6.39 7.54 17.82 7.54 24.2 0C331.65 284.8 414 182.26 414 126 414 56.41 357.59 0 288 0zm0 168c-23.2 0-42-18.8-42-42s18.8-42 42-42 42 18.8 42 42-18.8 42-42 42zM20.12 215.95A32.006 32.006 0 0 0 0 245.66v250.32c0 11.32 11.43 19.06 21.94 14.86L160 448V214.92c-8.84-15.98-16.07-31.54-21.25-46.42L20.12 215.95zM288 359.67c-14.07 0-27.38-6.18-36.51-16.96-19.66-23.2-40.57-49.62-59.49-76.72v182l192 64V266c-18.92 27.09-39.82 53.52-59.49 76.72-9.13 10.77-22.44 16.95-36.51 16.95zm266.06-198.51L416 224v288l139.88-55.95A31.996 31.996 0 0 0 576 426.34V176.02c0-11.32-11.43-19.06-21.94-14.86z\"><\/path><\/svg>\t\t\t<\/span>\n\t\t\t\t\t\t\t\t\t<span class=\"elementor-button-text\">Sch\u00fctzenhaus<\/span>\n\t\t\t\t\t<\/span>\n\t\t\t\t\t<\/a>\n\t\t\t\t\t\t\t\t<\/div>\n\t\t\t\t<div class=\"elementor-element elementor-element-b303f76 elementor-align-center elementor-widget elementor-widget-button\" data-id=\"b303f76\" data-element_type=\"widget\" data-e-type=\"widget\" data-widget_type=\"button.default\">\n\t\t\t\t\t\t\t\t\t\t<a class=\"elementor-button elementor-button-link elementor-size-sm\" href=\"https:\/\/www.sgsteinen.ch\/index.php\/schiessen\/\">\n\t\t\t\t\t\t<span class=\"elementor-button-content-wrapper\">\n\t\t\t\t\t\t<span class=\"elementor-button-icon\">\n\t\t\t\t<svg aria-hidden=\"true\" class=\"e-font-icon-svg e-far-calendar-alt\" viewBox=\"0 0 448 512\" xmlns=\"http:\/\/www.w3.org\/2000\/svg\"><path d=\"M148 288h-40c-6.6 0-12-5.4-12-12v-40c0-6.6 5.4-12 12-12h40c6.6 0 12 5.4 12 12v40c0 6.6-5.4 12-12 12zm108-12v-40c0-6.6-5.4-12-12-12h-40c-6.6 0-12 5.4-12 12v40c0 6.6 5.4 12 12 12h40c6.6 0 12-5.4 12-12zm96 0v-40c0-6.6-5.4-12-12-12h-40c-6.6 0-12 5.4-12 12v40c0 6.6 5.4 12 12 12h40c6.6 0 12-5.4 12-12zm-96 96v-40c0-6.6-5.4-12-12-12h-40c-6.6 0-12 5.4-12 12v40c0 6.6 5.4 12 12 12h40c6.6 0 12-5.4 12-12zm-96 0v-40c0-6.6-5.4-12-12-12h-40c-6.6 0-12 5.4-12 12v40c0 6.6 5.4 12 12 12h40c6.6 0 12-5.4 12-12zm192 0v-40c0-6.6-5.4-12-12-12h-40c-6.6 0-12 5.4-12 12v40c0 6.6 5.4 12 12 12h40c6.6 0 12-5.4 12-12zm96-260v352c0 26.5-21.5 48-48 48H48c-26.5 0-48-21.5-48-48V112c0-26.5 21.5-48 48-48h48V12c0-6.6 5.4-12 12-12h40c6.6 0 12 5.4 12 12v52h128V12c0-6.6 5.4-12 12-12h40c6.6 0 12 5.4 12 12v52h48c26.5 0 48 21.5 48 48zm-48 346V160H48v298c0 3.3 2.7 6 6 6h340c3.3 0 6-2.7 6-6z\"><\/path><\/svg>\t\t\t<\/span>\n\t\t\t\t\t\t\t\t\t<span class=\"elementor-button-text\">Obligatorisches Schiessen<\/span>\n\t\t\t\t\t<\/span>\n\t\t\t\t\t<\/a>\n\t\t\t\t\t\t\t\t<\/div>\n\t\t\t\t<\/div>\n\t\t<div class=\"elementor-element elementor-element-3c7a43e e-con-full e-flex wpr-particle-no wpr-jarallax-no wpr-parallax-no wpr-sticky-section-no e-con e-parent\" data-id=\"3c7a43e\" data-element_type=\"container\" data-e-type=\"container\">\n\t\t\t\t<div class=\"elementor-element elementor-element-b1c832e elementor-widget elementor-widget-athemes-posts\" data-id=\"b1c832e\" data-element_type=\"widget\" data-e-type=\"widget\" data-widget_type=\"athemes-posts.default\">\n\t\t\t\t<div class=\"elementor-widget-container\">\n\t\t\t\t\t\n\t\t<div class=\"panel-grid-cell\">\t\t\t<div class=\"latest-news-wrapper carousel owl-carousel row style1\">\n\t\t\t\t\t\t\t<div class=\"blog-post col-md-12\">\n\t\t\t\t\t\t\t\t\t<div class=\"entry-thumb\">\n\t\t\t\t\t\t<a href=\"https:\/\/www.sgsteinen.ch\/index.php\/unterhalt-scheibendstand\/\" title=\"Unterhalt Scheibendstand\">\n\t\t\t\t\t\t\t<img fetchpriority=\"high\" decoding=\"async\" width=\"2276\" height=\"1280\" src=\"https:\/\/www.sgsteinen.ch\/wp-content\/uploads\/2025\/03\/ScheibenstandSanierungTitelbild.jpeg\" class=\"attachment-medium-thumb size-medium-thumb wp-post-image\" alt=\"\" srcset=\"https:\/\/www.sgsteinen.ch\/wp-content\/uploads\/2025\/03\/ScheibenstandSanierungTitelbild.jpeg 2276w, https:\/\/www.sgsteinen.ch\/wp-content\/uploads\/2025\/03\/ScheibenstandSanierungTitelbild-300x169.jpeg 300w, https:\/\/www.sgsteinen.ch\/wp-content\/uploads\/2025\/03\/ScheibenstandSanierungTitelbild-1024x576.jpeg 1024w, https:\/\/www.sgsteinen.ch\/wp-content\/uploads\/2025\/03\/ScheibenstandSanierungTitelbild-768x432.jpeg 768w, https:\/\/www.sgsteinen.ch\/wp-content\/uploads\/2025\/03\/ScheibenstandSanierungTitelbild-1536x864.jpeg 1536w, https:\/\/www.sgsteinen.ch\/wp-content\/uploads\/2025\/03\/ScheibenstandSanierungTitelbild-2048x1152.jpeg 2048w, https:\/\/www.sgsteinen.ch\/wp-content\/uploads\/2025\/03\/ScheibenstandSanierungTitelbild-1000x562.jpeg 1000w, https:\/\/www.sgsteinen.ch\/wp-content\/uploads\/2025\/03\/ScheibenstandSanierungTitelbild-230x129.jpeg 230w, https:\/\/www.sgsteinen.ch\/wp-content\/uploads\/2025\/03\/ScheibenstandSanierungTitelbild-350x197.jpeg 350w, https:\/\/www.sgsteinen.ch\/wp-content\/uploads\/2025\/03\/ScheibenstandSanierungTitelbild-480x270.jpeg 480w\" sizes=\"(max-width: 2276px) 100vw, 2276px\" \/>\t\t\t\t\t\t<\/a>\t\t\t\n\t\t\t\t\t<\/div>\t\n\t\t\t\t\t\t\t\t\t\t\n\t\t\t\t\t\t\t\t\t<div class=\"entry-meta delimiter-vertical\">\n\t\t\t\t\t\t\t\t\t\t\t\t\t<span class=\"posted-on\"><a href=\"https:\/\/www.sgsteinen.ch\/index.php\/unterhalt-scheibendstand\/\" rel=\"bookmark\"><time class=\"entry-date published\" datetime=\"2025-03-23T11:04:58+01:00\">23. M\u00e4rz 2025<\/time><time class=\"updated\" datetime=\"2025-06-06T14:48:33+01:00\" >6. Juni 2025<\/time><\/a><\/span>\t\t\t\t\t\t\t\t\t\t\t\t\t\t\t\t\t\t\t<a href=\"https:\/\/www.sgsteinen.ch\/index.php\/category\/aktuell\/\" title=\"aktuell\" class=\"post-cat\">aktuell<\/a>\t\n\t\t\t\t\t\t\t\t\t\t\n\t\t\t\t\t<\/div>\n\t\t\t\t\t\t\t\t<h4 class=\"entry-title\"><a href=\"https:\/\/www.sgsteinen.ch\/index.php\/unterhalt-scheibendstand\/\" rel=\"bookmark\">Unterhalt Scheibendstand<\/a><\/h4>\t\t\t\t\t<div class=\"entry-summary\">\n\t\t\t\t\t<p>Am Samstag, dem 22. M\u00e4rz 2025, wurden an den Schiessst\u00e4nden 2, 3 und 5 wichtige Unterhaltsarbeiten durchgef\u00fchrt. Unter der Leitung unseres Pr\u00e4sidenten Kurt waren Roli, M\u00e4rtel und Stefan im Einsatz. Die Arbeiten umfassten den Austausch der Hartgummiprallplatten sowie eine gr\u00fcndliche Reinigung und Funktionskontrolle des Scheibenstandes nach der Winterpause. Bei herrlichem<\/p>\n<\/div>\n\t\t\t\t<\/div>\n\t\t\t\t\t\t\t<div class=\"blog-post col-md-12\">\n\t\t\t\t\t\t\t\t\t<div class=\"entry-thumb\">\n\t\t\t\t\t\t<a href=\"https:\/\/www.sgsteinen.ch\/index.php\/christian-guzek-wird-jahresmeister\/\" title=\"Christian Guzek wird Jahresmeister 2024\">\n\t\t\t\t\t\t\t<img decoding=\"async\" width=\"803\" height=\"702\" src=\"https:\/\/www.sgsteinen.ch\/wp-content\/uploads\/2024\/12\/2106838_epaper-interaktiver-layer_1Do6b6_CAxzd4.webp\" class=\"attachment-medium-thumb size-medium-thumb wp-post-image\" alt=\"\" srcset=\"https:\/\/www.sgsteinen.ch\/wp-content\/uploads\/2024\/12\/2106838_epaper-interaktiver-layer_1Do6b6_CAxzd4.webp 803w, https:\/\/www.sgsteinen.ch\/wp-content\/uploads\/2024\/12\/2106838_epaper-interaktiver-layer_1Do6b6_CAxzd4-300x262.webp 300w, https:\/\/www.sgsteinen.ch\/wp-content\/uploads\/2024\/12\/2106838_epaper-interaktiver-layer_1Do6b6_CAxzd4-768x671.webp 768w, https:\/\/www.sgsteinen.ch\/wp-content\/uploads\/2024\/12\/2106838_epaper-interaktiver-layer_1Do6b6_CAxzd4-230x201.webp 230w, https:\/\/www.sgsteinen.ch\/wp-content\/uploads\/2024\/12\/2106838_epaper-interaktiver-layer_1Do6b6_CAxzd4-350x306.webp 350w, https:\/\/www.sgsteinen.ch\/wp-content\/uploads\/2024\/12\/2106838_epaper-interaktiver-layer_1Do6b6_CAxzd4-480x420.webp 480w\" sizes=\"(max-width: 803px) 100vw, 803px\" \/>\t\t\t\t\t\t<\/a>\t\t\t\n\t\t\t\t\t<\/div>\t\n\t\t\t\t\t\t\t\t\t\t\n\t\t\t\t\t\t\t\t\t<div class=\"entry-meta delimiter-vertical\">\n\t\t\t\t\t\t\t\t\t\t\t\t\t<span class=\"posted-on\"><a href=\"https:\/\/www.sgsteinen.ch\/index.php\/christian-guzek-wird-jahresmeister\/\" rel=\"bookmark\"><time class=\"entry-date published\" datetime=\"2024-12-17T20:00:58+01:00\">17. Dezember 2024<\/time><time class=\"updated\" datetime=\"2025-06-06T14:48:50+01:00\" >6. Juni 2025<\/time><\/a><\/span>\t\t\t\t\t\t\t\t\t\t\t\t\t\t\t\t\t\t\t<a href=\"https:\/\/www.sgsteinen.ch\/index.php\/category\/aktuell\/\" title=\"aktuell\" class=\"post-cat\">aktuell<\/a>\t\n\t\t\t\t\t\t\t\t\t\t\n\t\t\t\t\t<\/div>\n\t\t\t\t\t\t\t\t<h4 class=\"entry-title\"><a href=\"https:\/\/www.sgsteinen.ch\/index.php\/christian-guzek-wird-jahresmeister\/\" rel=\"bookmark\">Christian Guzek wird Jahresmeister 2024<\/a><\/h4>\t\t\t\t\t<div class=\"entry-summary\">\n\t\t\t\t\t<p>Bild Info: Der Steiner Ordonnanz-Jahresmeister Christian Guzek (von links) mit Tagesmeisterin Damen R\u00f6sy Kenel und Ordonnanz-Tagesmeister Ernst Ruf. Mit dem Absenden beendete \u2028die Sch\u00fctzengesellschaft Steinen die Saison. K\u00fcrzlich hielt die Sch\u00fctzengesellschaft Steinen im Restaurant Hirschen mit einem feinen Nachtessen das Absenden der Jahresmeisterschaft und der Tagesmeister vom Ausschiessen&nbsp;2024 ab. Es<\/p>\n<\/div>\n\t\t\t\t<\/div>\n\t\t\t\t\t\t\t<div class=\"blog-post col-md-12\">\n\t\t\t\t\t\t\t\t\t<div class=\"entry-thumb\">\n\t\t\t\t\t\t<a href=\"https:\/\/www.sgsteinen.ch\/index.php\/simon-koeniger-zu-gast-bei-uns\/\" title=\"Simon K\u00f6niger zu Gast bei uns\">\n\t\t\t\t\t\t\t<img decoding=\"async\" width=\"1280\" height=\"726\" src=\"https:\/\/www.sgsteinen.ch\/wp-content\/uploads\/2024\/09\/photo_2024-09-13_21-16-08_webp.webp\" class=\"attachment-medium-thumb size-medium-thumb wp-post-image\" alt=\"\" srcset=\"https:\/\/www.sgsteinen.ch\/wp-content\/uploads\/2024\/09\/photo_2024-09-13_21-16-08_webp.webp 1280w, https:\/\/www.sgsteinen.ch\/wp-content\/uploads\/2024\/09\/photo_2024-09-13_21-16-08_webp-300x170.webp 300w, https:\/\/www.sgsteinen.ch\/wp-content\/uploads\/2024\/09\/photo_2024-09-13_21-16-08_webp-1024x581.webp 1024w, https:\/\/www.sgsteinen.ch\/wp-content\/uploads\/2024\/09\/photo_2024-09-13_21-16-08_webp-768x436.webp 768w, https:\/\/www.sgsteinen.ch\/wp-content\/uploads\/2024\/09\/photo_2024-09-13_21-16-08_webp-1000x567.webp 1000w, https:\/\/www.sgsteinen.ch\/wp-content\/uploads\/2024\/09\/photo_2024-09-13_21-16-08_webp-230x130.webp 230w, https:\/\/www.sgsteinen.ch\/wp-content\/uploads\/2024\/09\/photo_2024-09-13_21-16-08_webp-350x199.webp 350w, https:\/\/www.sgsteinen.ch\/wp-content\/uploads\/2024\/09\/photo_2024-09-13_21-16-08_webp-480x272.webp 480w\" sizes=\"(max-width: 1280px) 100vw, 1280px\" \/>\t\t\t\t\t\t<\/a>\t\t\t\n\t\t\t\t\t<\/div>\t\n\t\t\t\t\t\t\t\t\t\t\n\t\t\t\t\t\t\t\t\t<div class=\"entry-meta delimiter-vertical\">\n\t\t\t\t\t\t\t\t\t\t\t\t\t<span class=\"posted-on\"><a href=\"https:\/\/www.sgsteinen.ch\/index.php\/simon-koeniger-zu-gast-bei-uns\/\" rel=\"bookmark\"><time class=\"entry-date published\" datetime=\"2024-09-13T20:02:52+01:00\">13. September 2024<\/time><time class=\"updated\" datetime=\"2025-06-06T14:49:58+01:00\" >6. Juni 2025<\/time><\/a><\/span>\t\t\t\t\t\t\t\t\t\t\t\t\t\t\t\t\t\t\t<a href=\"https:\/\/www.sgsteinen.ch\/index.php\/category\/aktuell\/\" title=\"aktuell\" class=\"post-cat\">aktuell<\/a>\t\n\t\t\t\t\t\t\t\t\t\t\n\t\t\t\t\t<\/div>\n\t\t\t\t\t\t\t\t<h4 class=\"entry-title\"><a href=\"https:\/\/www.sgsteinen.ch\/index.php\/simon-koeniger-zu-gast-bei-uns\/\" rel=\"bookmark\">Simon K\u00f6niger zu Gast bei uns<\/a><\/h4>\t\t\t\t\t<div class=\"entry-summary\">\n\t\t\t\t\t<p>Auf seiner Reise in der Schweiz besucht Simon K\u00f6niger den Sch\u00fctzenstand der SG Steinen und schoss das obligatorische Programm. Schaut euch gerne das YouTube-Video an.<\/p>\n<\/div>\n\t\t\t\t<\/div>\n\t\t\t\t\t\t<\/div>\n\t\t<\/div>\n\n\t\t\t\t\t\t\t\t\t\t\t\t<a href=\"https:\/\/www.sgsteinen.ch\/index.php\/category\/aktuell\/\" class=\"roll-button more-button\">Alle unsere Beitr\u00e4ge<\/a>\n\t\t\t\t\n\t\t\t\n\t\t\n\t\t\t\t\t\t<\/div>\n\t\t\t\t<\/div>\n\t\t\t\t<\/div>\n\t\t<div class=\"elementor-element elementor-element-9e945a8 e-flex e-con-boxed wpr-particle-no wpr-jarallax-no wpr-parallax-no wpr-sticky-section-no e-con e-parent\" data-id=\"9e945a8\" data-element_type=\"container\" data-e-type=\"container\">\n\t\t\t\t\t<div class=\"e-con-inner\">\n\t\t\t\t<div class=\"elementor-element elementor-element-e2053a4 elementor-widget elementor-widget-spacer\" data-id=\"e2053a4\" data-element_type=\"widget\" data-e-type=\"widget\" data-widget_type=\"spacer.default\">\n\t\t\t\t\t\t\t<div class=\"elementor-spacer\">\n\t\t\t<div class=\"elementor-spacer-inner\"><\/div>\n\t\t<\/div>\n\t\t\t\t\t\t<\/div>\n\t\t\t\t\t<\/div>\n\t\t\t\t<\/div>\n\t\t<div class=\"elementor-element elementor-element-a71e89a e-flex e-con-boxed wpr-particle-no wpr-jarallax-no wpr-parallax-no wpr-sticky-section-no e-con e-parent\" data-id=\"a71e89a\" data-element_type=\"container\" data-e-type=\"container\">\n\t\t\t\t\t<div class=\"e-con-inner\">\n\t\t\t\t<div class=\"elementor-element elementor-element-1b63395 elementor-widget elementor-widget-spacer\" data-id=\"1b63395\" data-element_type=\"widget\" data-e-type=\"widget\" data-widget_type=\"spacer.default\">\n\t\t\t\t\t\t\t<div class=\"elementor-spacer\">\n\t\t\t<div class=\"elementor-spacer-inner\"><\/div>\n\t\t<\/div>\n\t\t\t\t\t\t<\/div>\n\t\t\t\t\t<\/div>\n\t\t\t\t<\/div>\n\t\t\t\t<\/div>\n\t\t","protected":false},"excerpt":{"rendered":"<p>3 EGS 2025 3 EGS Rangliste 2025 Sch\u00fctzenhaus Obligatorisches Schiessen 23. M\u00e4rz 20256. Juni 2025 aktuell Unterhalt Scheibendstand Am Samstag, dem 22. M\u00e4rz 2025, wurden an den Schiessst\u00e4nden 2, 3 und 5 wichtige Unterhaltsarbeiten durchgef\u00fchrt. Unter der Leitung unseres Pr\u00e4sidenten Kurt waren Roli, M\u00e4rtel und Stefan im Einsatz. Die Arbeiten<\/p>\n","protected":false},"author":1,"featured_media":0,"parent":0,"menu_order":0,"comment_status":"closed","ping_status":"closed","template":"page-templates\/page_front-page.php","meta":{"footnotes":""},"class_list":["post-4","page","type-page","status-publish","hentry"],"_links":{"self":[{"href":"https:\/\/www.sgsteinen.ch\/index.php\/wp-json\/wp\/v2\/pages\/4","targetHints":{"allow":["GET"]}}],"collection":[{"href":"https:\/\/www.sgsteinen.ch\/index.php\/wp-json\/wp\/v2\/pages"}],"about":[{"href":"https:\/\/www.sgsteinen.ch\/index.php\/wp-json\/wp\/v2\/types\/page"}],"author":[{"embeddable":true,"href":"https:\/\/www.sgsteinen.ch\/index.php\/wp-json\/wp\/v2\/users\/1"}],"replies":[{"embeddable":true,"href":"https:\/\/www.sgsteinen.ch\/index.php\/wp-json\/wp\/v2\/comments?post=4"}],"version-history":[{"count":21,"href":"https:\/\/www.sgsteinen.ch\/index.php\/wp-json\/wp\/v2\/pages\/4\/revisions"}],"predecessor-version":[{"id":2119,"href":"https:\/\/www.sgsteinen.ch\/index.php\/wp-json\/wp\/v2\/pages\/4\/revisions\/2119"}],"wp:attachment":[{"href":"https:\/\/www.sgsteinen.ch\/index.php\/wp-json\/wp\/v2\/media?parent=4"}],"curies":[{"name":"wp","href":"https:\/\/api.w.org\/{rel}","templated":true}]}}